{"id":421,"date":"2025-10-20T18:59:28","date_gmt":"2025-10-20T18:59:28","guid":{"rendered":"https:\/\/maths-a-la-carte.com\/?post_type=product&#038;p=421"},"modified":"2025-12-26T11:02:46","modified_gmt":"2025-12-26T11:02:46","slug":"offre-speciale-bac-eco-pack-3-livres-de-revision-complete","status":"publish","type":"product","link":"https:\/\/maths-a-la-carte.com\/?product=offre-speciale-bac-eco-pack-3-livres-de-revision-complete","title":{"rendered":"Offre sp\u00e9ciale Bac \u00c9co \u2013 Pack 3 livres de r\u00e9vision compl\u00e8te"},"content":{"rendered":"<p data-start=\"101\" data-end=\"222\"><strong data-start=\"101\" data-end=\"167\">\ud83d\udcbc Offre sp\u00e9ciale Bac \u00c9co \u2013 Pack 3 livres de r\u00e9vision compl\u00e8te<\/strong><br data-start=\"167\" data-end=\"170\" \/><strong data-start=\"170\" data-end=\"220\">\ud83d\udcda \u0639\u0631\u0636 \u062e\u0627\u0635 Bac \u00c9co \u2013 Pack 3 \u0643\u062a\u064f\u0628 \u0644\u0645\u0631\u0627\u062c\u0639\u0629 \u0643\u0627\u0645\u0644\u0629<\/strong><\/p>\n<p data-start=\"224\" data-end=\"303\">\u062d\u0636\u0651\u0631 \u0631\u0648\u062d\u0643 \u0644\u0644\u0628\u0627\u0643\u0627\u0644\u0648\u0631\u064a\u0627 \u0628Pack \u0643\u0627\u0645\u0644 \u064a\u063a\u0637\u064a \u0643\u0627\u0645\u0644 \u0627\u0644\u0628\u0631\u0646\u0627\u0645\u062c \u0627\u0644\u0633\u0646\u0648\u064a\u060c \u0645\u0639 \u062f\u0639\u0645 \u0644\u0643\u0644 \u062a\u0631\u064a\u0645\u064a\u0633\u062a\u0631! \u2728<\/p>\n<p data-start=\"305\" data-end=\"342\"><strong data-start=\"305\" data-end=\"340\">Contenu du pack \/ \u0645\u062d\u062a\u0648\u0649 \u0627\u0644\u0628\u0627\u0643 :<\/strong><\/p>\n<ul>\n<li data-start=\"344\" data-end=\"479\">\n<p data-start=\"346\" data-end=\"479\"><strong data-start=\"346\" data-end=\"417\">\u00a01er, + 2e et 3e Trimestre + Support de r\u00e9vision en <b>math\u00e9matiques<\/b> globale<\/strong><br data-start=\"417\" data-end=\"420\" \/><strong data-start=\"422\" data-end=\"477\">\ud83d\udcd8Bac \u00c9co\u00a0<\/strong><\/p>\n<\/li>\n<li data-start=\"481\" data-end=\"550\">\n<p data-start=\"483\" data-end=\"550\"><strong data-start=\"483\" data-end=\"548\">\ud83d\udcdd R\u00e9sum\u00e9 d\u00e9taill\u00e9 des notions cl\u00e9s \/ \u0645\u0644\u062e\u0635 \u0645\u0641\u0635\u0644 \u0644\u0644\u062f\u0631\u0648\u0633 \u0627\u0644\u0643\u0644<\/strong><\/p>\n<\/li>\n<li data-start=\"551\" data-end=\"602\">\n<p data-start=\"553\" data-end=\"602\"><strong data-start=\"553\" data-end=\"600\">\u270f\ufe0f Exercices corrig\u00e9s \/ \u062a\u0645\u0627\u0631\u064a\u0646 \u0645\u0639 \u0627\u0644\u0625\u0635\u0644\u0627\u062d\u0627\u062a<\/strong><\/p>\n<\/li>\n<li>\ud83c\udfaf <strong data-start=\"639\" data-end=\"709\">Pr\u00e9paration cibl\u00e9e pour les contr\u00f4les et synth\u00e8ses<\/strong><\/li>\n<\/ul>\n<p data-start=\"679\" data-end=\"736\"><strong data-start=\"679\" data-end=\"734\">Pourquoi choisir ce pack ? \/ \u0639\u0644\u0627\u0634 \u062a\u062e\u062a\u0627\u0631 \u0647\u0630\u0627 \u0627\u0644\u0628\u0627\u0643 \u061f<\/strong><\/p>\n<ul data-start=\"738\" data-end=\"1049\">\n<li data-start=\"738\" data-end=\"817\">\n<p data-start=\"740\" data-end=\"817\"><strong data-start=\"740\" data-end=\"815\">\u2705 Couverture compl\u00e8te du programme officiel \/ \u064a\u063a\u0637\u064a \u0643\u0627\u0645\u0644 \u0627\u0644\u0628\u0631\u0646\u0627\u0645\u062c \u0627\u0644\u0631\u0633\u0645\u064a<\/strong><\/p>\n<\/li>\n<li data-start=\"818\" data-end=\"886\">\n<p data-start=\"820\" data-end=\"886\"><strong data-start=\"820\" data-end=\"884\">\ud83d\udca1 Exercices vari\u00e9s et corrig\u00e9s \/ \u062a\u0645\u0627\u0631\u064a\u0646 \u0645\u062a\u0646\u0648\u0639\u0629 \u0645\u0639 \u0627\u0644\u0625\u0635\u0644\u0627\u062d\u0627\u062a<\/strong><\/p>\n<\/li>\n<li data-start=\"887\" data-end=\"966\">\n<p data-start=\"889\" data-end=\"966\"><strong data-start=\"889\" data-end=\"964\">\ud83d\udcd6 Supports adapt\u00e9s pour r\u00e9viser \u00e0 ton rythme \/ \u0645\u0631\u0627\u062c\u0639\u0629 \u062d\u0633\u0628 \u0633\u0631\u0639\u062a\u0643 \u0627\u0644\u062e\u0627\u0635\u0629<\/strong><\/p>\n<\/li>\n<li data-start=\"967\" data-end=\"1049\">\n<p data-start=\"969\" data-end=\"1049\"><strong data-start=\"969\" data-end=\"1047\">\ud83d\udcaa Pr\u00e9parer le Bac avec confiance et efficacit\u00e9 \/ \u062d\u0636\u0651\u0631 \u0627\u0644\u0628\u0627\u0643 \u0628\u062b\u0642\u0629 \u0648 \u0641\u0627\u0639\u0644\u064a\u0629<\/strong><\/p>\n<\/li>\n<\/ul>\n<p data-start=\"1051\" data-end=\"1240\"><strong data-start=\"1051\" data-end=\"1116\">\ud83d\uded2 Commandez votre pack d\u00e8s maintenant \/ \u0627\u0637\u0644\u0628 \u0627\u0644\u0628\u0627\u0643 \u0645\u062a\u0627\u0639\u0643 \u062a\u0648\u0629<\/strong><br data-start=\"1116\" data-end=\"1119\" \/><strong data-start=\"1119\" data-end=\"1240\">\ud83d\udd25 Promo sp\u00e9ciale : Pack 3 livres \u00e0 prix avantageux \u2013 offre limit\u00e9e ! \/ \u0639\u0631\u0636 \u062e\u0627\u0635: Pack 3 \u0643\u062a\u0628 \u0628\u0633\u0639\u0631 \u0645\u0645\u064a\u0632 \u2013 \u0627\u0644\u0639\u0631\u0636 \u0645\u062d\u062f\u0648\u062f !<\/strong><\/p>\n","protected":false},"excerpt":{"rendered":"<ul>\n<li><\/li>\n<\/ul>\n","protected":false},"featured_media":457,"template":"","meta":{"bwfblock_default_font":""},"product_brand":[],"product_cat":[15],"product_tag":[],"class_list":{"0":"post-421","1":"product","2":"type-product","3":"status-publish","4":"has-post-thumbnail","6":"product_cat-mac","8":"first","9":"instock","10":"shipping-taxable","11":"purchasable","12":"product-type-simple"},"_links":{"self":[{"href":"https:\/\/maths-a-la-carte.com\/index.php?rest_route=\/wp\/v2\/product\/421","targetHints":{"allow":["GET"]}}],"collection":[{"href":"https:\/\/maths-a-la-carte.com\/index.php?rest_route=\/wp\/v2\/product"}],"about":[{"href":"https:\/\/maths-a-la-carte.com\/index.php?rest_route=\/wp\/v2\/types\/product"}],"wp:featuredmedia":[{"embeddable":true,"href":"https:\/\/maths-a-la-carte.com\/index.php?rest_route=\/wp\/v2\/media\/457"}],"wp:attachment":[{"href":"https:\/\/maths-a-la-carte.com\/index.php?rest_route=%2Fwp%2Fv2%2Fmedia&parent=421"}],"wp:term":[{"taxonomy":"product_brand","embeddable":true,"href":"https:\/\/maths-a-la-carte.com\/index.php?rest_route=%2Fwp%2Fv2%2Fproduct_brand&post=421"},{"taxonomy":"product_cat","embeddable":true,"href":"https:\/\/maths-a-la-carte.com\/index.php?rest_route=%2Fwp%2Fv2%2Fproduct_cat&post=421"},{"taxonomy":"product_tag","embeddable":true,"href":"https:\/\/maths-a-la-carte.com\/index.php?rest_route=%2Fwp%2Fv2%2Fproduct_tag&post=421"}],"curies":[{"name":"wp","href":"https:\/\/api.w.org\/{rel}","templated":true}]}}