{"id":413,"date":"2025-10-20T18:23:19","date_gmt":"2025-10-20T18:23:19","guid":{"rendered":"https:\/\/maths-a-la-carte.com\/?post_type=product&#038;p=413"},"modified":"2025-12-27T11:45:05","modified_gmt":"2025-12-27T11:45:05","slug":"offre-speciale-bac-sciences-pack-3-livres-de-revision-complete","status":"publish","type":"product","link":"https:\/\/maths-a-la-carte.com\/?product=offre-speciale-bac-sciences-pack-3-livres-de-revision-complete","title":{"rendered":"Offre sp\u00e9ciale Bac Sciences \u2013 Pack 3 livres de r\u00e9vision compl\u00e8te"},"content":{"rendered":"<p style=\"text-align: left;\" data-start=\"117\" data-end=\"248\"><strong data-start=\"117\" data-end=\"188\">\ud83c\udf93 Offre sp\u00e9ciale Bac Sciences \u2013 Pack 3 livres de r\u00e9vision compl\u00e8te<\/strong><br data-start=\"188\" data-end=\"191\" \/><strong data-start=\"191\" data-end=\"246\">\ud83d\udcda \u0639\u0631\u0636 \u062e\u0627\u0635 Bac Sciences \u2013 Pack 3 \u0643\u062a\u064f\u0628 \u0644\u0645\u0631\u0627\u062c\u0639\u0629 \u0643\u0627\u0645\u0644\u0629<\/strong><\/p>\n<p data-start=\"250\" data-end=\"329\">\u062d\u0636\u0651\u0631 \u0631\u0648\u062d\u0643 \u0644\u0644\u0628\u0627\u0643\u0627\u0644\u0648\u0631\u064a\u0627 \u0628Pack \u0643\u0627\u0645\u0644 \u064a\u063a\u0637\u064a \u0643\u0627\u0645\u0644 \u0627\u0644\u0628\u0631\u0646\u0627\u0645\u062c \u0627\u0644\u0633\u0646\u0648\u064a\u060c \u0645\u0639 \u062f\u0639\u0645 \u0644\u0643\u0644 \u062a\u0631\u064a\u0645\u064a\u0633\u062a\u0631! \u2728<\/p>\n<p data-start=\"331\" data-end=\"368\"><strong data-start=\"331\" data-end=\"366\">Contenu du pack \/ \u0645\u062d\u062a\u0648\u0649 \u0627\u0644\u0628\u0627\u0643 :<\/strong><\/p>\n<ul>\n<li><strong data-start=\"346\" data-end=\"417\">\u00a01er, + 2e et 3e Trimestre + Support de r\u00e9vision en <b>math\u00e9matiques<\/b> globale<\/strong><br data-start=\"417\" data-end=\"420\" \/><strong data-start=\"422\" data-end=\"477\">\ud83d\udcd8Bac Sciences<\/strong><\/li>\n<li data-start=\"515\" data-end=\"584\">\n<p data-start=\"517\" data-end=\"584\"><strong data-start=\"517\" data-end=\"582\">\ud83d\udcdd R\u00e9sum\u00e9 d\u00e9taill\u00e9 des notions cl\u00e9s \/ \u0645\u0644\u062e\u0635 \u0645\u0641\u0635\u0644 \u0644\u0644\u062f\u0631\u0648\u0633 \u0627\u0644\u0643\u0644<\/strong><\/p>\n<\/li>\n<li data-start=\"585\" data-end=\"636\">\n<p data-start=\"587\" data-end=\"636\"><strong data-start=\"587\" data-end=\"634\">\u270f\ufe0f Exercices corrig\u00e9s \/ \u062a\u0645\u0627\u0631\u064a\u0646 \u0645\u0639 \u0627\u0644\u0625\u0635\u0644\u0627\u062d\u0627\u062a<\/strong><\/p>\n<\/li>\n<li data-start=\"637\" data-end=\"711\">\n<p data-start=\"639\" data-end=\"711\"><strong data-start=\"639\" data-end=\"709\">\ud83c\udfaf Pr\u00e9paration cibl\u00e9e pour les contr\u00f4les et synth\u00e8ses<\/strong><\/p>\n<\/li>\n<\/ul>\n<p data-start=\"713\" data-end=\"770\"><strong data-start=\"713\" data-end=\"768\">Pourquoi choisir ce pack ? \/ \u0639\u0644\u0627\u0634 \u062a\u062e\u062a\u0627\u0631 \u0647\u0630\u0627 \u0627\u0644\u0628\u0627\u0643 \u061f<\/strong><\/p>\n<ul data-start=\"772\" data-end=\"1083\">\n<li data-start=\"772\" data-end=\"851\">\n<p data-start=\"774\" data-end=\"851\"><strong data-start=\"774\" data-end=\"849\">\u2705 Couverture compl\u00e8te du programme officiel \/ \u064a\u063a\u0637\u064a \u0643\u0627\u0645\u0644 \u0627\u0644\u0628\u0631\u0646\u0627\u0645\u062c \u0627\u0644\u0631\u0633\u0645\u064a<\/strong><\/p>\n<\/li>\n<li data-start=\"852\" data-end=\"920\">\n<p data-start=\"854\" data-end=\"920\"><strong data-start=\"854\" data-end=\"918\">\ud83d\udca1 Exercices vari\u00e9s et corrig\u00e9s \/ \u062a\u0645\u0627\u0631\u064a\u0646 \u0645\u062a\u0646\u0648\u0639\u0629 \u0645\u0639 \u0627\u0644\u0625\u0635\u0644\u0627\u062d\u0627\u062a<\/strong><\/p>\n<\/li>\n<li data-start=\"921\" data-end=\"1000\">\n<p data-start=\"923\" data-end=\"1000\"><strong data-start=\"923\" data-end=\"998\">\ud83d\udcd6 Supports adapt\u00e9s pour r\u00e9viser \u00e0 ton rythme \/ \u0645\u0631\u0627\u062c\u0639\u0629 \u062d\u0633\u0628 \u0633\u0631\u0639\u062a\u0643 \u0627\u0644\u062e\u0627\u0635\u0629<\/strong><\/p>\n<\/li>\n<li data-start=\"1001\" data-end=\"1083\">\n<p data-start=\"1003\" data-end=\"1083\"><strong data-start=\"1003\" data-end=\"1081\">\ud83d\udcaa Pr\u00e9parer le Bac avec confiance et efficacit\u00e9 \/ \u062d\u0636\u0651\u0631 \u0627\u0644\u0628\u0627\u0643 \u0628\u062b\u0642\u0629 \u0648 \u0641\u0627\u0639\u0644\u064a\u0629<\/strong><\/p>\n<\/li>\n<\/ul>\n<p data-start=\"1085\" data-end=\"1274\"><strong data-start=\"1085\" data-end=\"1150\">\ud83d\uded2 Commandez votre pack d\u00e8s maintenant \/ \u0627\u0637\u0644\u0628 \u0627\u0644\u0628\u0627\u0643 \u0645\u062a\u0627\u0639\u0643 \u062a\u0648\u0629<\/strong><br data-start=\"1150\" data-end=\"1153\" \/><strong data-start=\"1153\" data-end=\"1274\">\ud83d\udd25 Promo sp\u00e9ciale : Pack 3 livres \u00e0 prix avantageux \u2013 offre limit\u00e9e ! \/ \u0639\u0631\u0636 \u062e\u0627\u0635: Pack 3 \u0643\u062a\u0628 \u0628\u0633\u0639\u0631 \u0645\u0645\u064a\u0632 \u2013 \u0627\u0644\u0639\u0631\u0636 \u0645\u062d\u062f\u0648\u062f !<\/strong><\/p>\n","protected":false},"excerpt":{"rendered":"<p>\ud83c\udf93 Offre sp\u00e9ciale Bac Sciences \u2013 Pack 3 livres de r\u00e9vision compl\u00e8te\ud83d\udcda \u0639\u0631\u0636 \u062e\u0627\u0635 Bac Sciences \u2013 Pack 3 \u0643\u062a\u064f\u0628 \u0644\u0645\u0631\u0627\u062c\u0639\u0629 \u0643\u0627\u0645\u0644\u0629 \u062d\u0636\u0651\u0631 \u0631\u0648\u062d\u0643 \u0644\u0644\u0628\u0627\u0643\u0627\u0644\u0648\u0631\u064a\u0627 \u0628Pack \u0643\u0627\u0645\u0644 \u064a\u063a\u0637\u064a \u0643\u0627\u0645\u0644 \u0627\u0644\u0628\u0631\u0646\u0627\u0645\u062c \u0627\u0644\u0633\u0646\u0648\u064a\u060c \u0645\u0639 \u062f\u0639\u0645 \u0644\u0643\u0644 \u062a\u0631\u064a\u0645\u064a\u0633\u062a\u0631! \u2728 Contenu du pack \/ \u0645\u062d\u062a\u0648\u0649 \u0627\u0644\u0628\u0627\u0643 : \u00a01er, + 2e et 3e Trimestre + Support de r\u00e9vision en math\u00e9matiques [&hellip;]<\/p>\n","protected":false},"featured_media":461,"template":"","meta":{"bwfblock_default_font":""},"product_brand":[],"product_cat":[15],"product_tag":[],"class_list":{"0":"post-413","1":"product","2":"type-product","3":"status-publish","4":"has-post-thumbnail","6":"product_cat-mac","8":"first","9":"instock","10":"shipping-taxable","11":"purchasable","12":"product-type-simple"},"_links":{"self":[{"href":"https:\/\/maths-a-la-carte.com\/index.php?rest_route=\/wp\/v2\/product\/413","targetHints":{"allow":["GET"]}}],"collection":[{"href":"https:\/\/maths-a-la-carte.com\/index.php?rest_route=\/wp\/v2\/product"}],"about":[{"href":"https:\/\/maths-a-la-carte.com\/index.php?rest_route=\/wp\/v2\/types\/product"}],"wp:featuredmedia":[{"embeddable":true,"href":"https:\/\/maths-a-la-carte.com\/index.php?rest_route=\/wp\/v2\/media\/461"}],"wp:attachment":[{"href":"https:\/\/maths-a-la-carte.com\/index.php?rest_route=%2Fwp%2Fv2%2Fmedia&parent=413"}],"wp:term":[{"taxonomy":"product_brand","embeddable":true,"href":"https:\/\/maths-a-la-carte.com\/index.php?rest_route=%2Fwp%2Fv2%2Fproduct_brand&post=413"},{"taxonomy":"product_cat","embeddable":true,"href":"https:\/\/maths-a-la-carte.com\/index.php?rest_route=%2Fwp%2Fv2%2Fproduct_cat&post=413"},{"taxonomy":"product_tag","embeddable":true,"href":"https:\/\/maths-a-la-carte.com\/index.php?rest_route=%2Fwp%2Fv2%2Fproduct_tag&post=413"}],"curies":[{"name":"wp","href":"https:\/\/api.w.org\/{rel}","templated":true}]}}